{"id":581,"date":"2025-12-17T08:58:19","date_gmt":"2025-12-17T08:58:19","guid":{"rendered":"https:\/\/gruppofiori.it\/?page_id=581"},"modified":"2025-12-18T13:21:04","modified_gmt":"2025-12-18T13:21:04","slug":"ambiente","status":"publish","type":"page","link":"https:\/\/gruppofiori.it\/it\/ambiente\/","title":{"rendered":"Ambiente"},"content":{"rendered":"\t\t<div data-elementor-type=\"wp-page\" data-elementor-id=\"581\" class=\"elementor elementor-581\" data-elementor-post-type=\"page\">\n\t\t\t\t<div class=\"elementor-element elementor-element-a8323ac e-flex e-con-boxed e-con e-parent\" data-id=\"a8323ac\" data-element_type=\"container\" data-e-type=\"container\">\n\t\t\t\t\t<div class=\"e-con-inner\">\n\t\t<div class=\"elementor-element elementor-element-0f47eaf e-con-full e-flex e-con e-child\" data-id=\"0f47eaf\" data-element_type=\"container\" data-e-type=\"container\">\n\t\t\t\t<div class=\"elementor-element elementor-element-6f55a79 elementor-widget elementor-widget-heading\" data-id=\"6f55a79\" data-element_type=\"widget\" data-e-type=\"widget\" data-widget_type=\"heading.default\">\n\t\t\t\t<div class=\"elementor-widget-container\">\n\t\t\t\t\t<h2 class=\"elementor-heading-title elementor-size-default\">Politica<br>Ambientale<\/h2>\t\t\t\t<\/div>\n\t\t\t\t<\/div>\n\t\t\t\t<\/div>\n\t\t<div class=\"elementor-element elementor-element-aa42519 e-con-full e-flex e-con e-child\" data-id=\"aa42519\" data-element_type=\"container\" data-e-type=\"container\">\n\t\t\t\t<div class=\"elementor-element elementor-element-44177f0 elementor-widget elementor-widget-text-editor\" data-id=\"44177f0\" data-element_type=\"widget\" data-e-type=\"widget\" data-widget_type=\"text-editor.default\">\n\t\t\t\t<div class=\"elementor-widget-container\">\n\t\t\t\t\t\t\t\t\t<p>La filosofia di lavoro delle aziende del Gruppo Fiori \u00e8 stata da sempre quella di coniugare lo sviluppo economico con la <b>tutela dell\u2019ambiente e dei lavoratori<\/b>, garantendo al contempo la soddisfazione dei clienti e, pi\u00f9 in generale, dei portatori di interesse.<\/p><p>Questo impegno \u00e8 stato formalizzato gi\u00e0 pi\u00f9 di 15 anni fa nei documenti di <b>Politica delle aziende del Gruppo<\/b>, che vogliamo condividere anche all\u2019esterno della nostra organizzazione.<\/p>\t\t\t\t\t\t\t\t<\/div>\n\t\t\t\t<\/div>\n\t\t\t\t<div class=\"elementor-element elementor-element-7baee1e elementor-widget elementor-widget-heading\" data-id=\"7baee1e\" data-element_type=\"widget\" data-e-type=\"widget\" data-widget_type=\"heading.default\">\n\t\t\t\t<div class=\"elementor-widget-container\">\n\t\t\t\t\t<h2 class=\"elementor-heading-title elementor-size-default\">Scarica le Politiche<\/h2>\t\t\t\t<\/div>\n\t\t\t\t<\/div>\n\t\t<div class=\"elementor-element elementor-element-fdc0d19 e-con-full e-flex e-con e-child\" data-id=\"fdc0d19\" data-element_type=\"container\" data-e-type=\"container\" data-settings=\"{&quot;background_background&quot;:&quot;classic&quot;}\">\n\t\t\t\t<div class=\"elementor-element elementor-element-183ddd2 elementor-widget elementor-widget-text-editor\" data-id=\"183ddd2\" data-element_type=\"widget\" data-e-type=\"widget\" data-widget_type=\"text-editor.default\">\n\t\t\t\t<div class=\"elementor-widget-container\">\n\t\t\t\t\t\t\t\t\t<p><a href=\"https:\/\/gruppofiori.it\/wp-content\/uploads\/2025\/11\/Italmetalli-%E2%80%93-Politica-ambiente-sicurezza-e-qualita-.pdf\">Italmetalli Politica ambiente sicurezza e qualit\u00e0\u200b<\/a><\/p>\t\t\t\t\t\t\t\t<\/div>\n\t\t\t\t<\/div>\n\t\t\t\t<div class=\"elementor-element elementor-element-7b4a563 elementor-widget-divider--view-line elementor-widget elementor-widget-divider\" data-id=\"7b4a563\" data-element_type=\"widget\" data-e-type=\"widget\" data-widget_type=\"divider.default\">\n\t\t\t\t<div class=\"elementor-widget-container\">\n\t\t\t\t\t\t\t<div class=\"elementor-divider\">\n\t\t\t<span class=\"elementor-divider-separator\">\n\t\t\t\t\t\t<\/span>\n\t\t<\/div>\n\t\t\t\t\t\t<\/div>\n\t\t\t\t<\/div>\n\t\t\t\t<div class=\"elementor-element elementor-element-eab5956 elementor-widget elementor-widget-text-editor\" data-id=\"eab5956\" data-element_type=\"widget\" data-e-type=\"widget\" data-widget_type=\"text-editor.default\">\n\t\t\t\t<div class=\"elementor-widget-container\">\n\t\t\t\t\t\t\t\t\t<p><a href=\"https:\/\/gruppofiori.it\/wp-content\/uploads\/2025\/11\/Italferro-%E2%80%93-Politica-ambiente-sicurezza-e-qualita.pdf\">Italferro Politica ambiente sicurezza e qualit\u00e0\u200b<\/a><\/p>\t\t\t\t\t\t\t\t<\/div>\n\t\t\t\t<\/div>\n\t\t\t\t<div class=\"elementor-element elementor-element-8540b33 elementor-widget-divider--view-line elementor-widget elementor-widget-divider\" data-id=\"8540b33\" data-element_type=\"widget\" data-e-type=\"widget\" data-widget_type=\"divider.default\">\n\t\t\t\t<div class=\"elementor-widget-container\">\n\t\t\t\t\t\t\t<div class=\"elementor-divider\">\n\t\t\t<span class=\"elementor-divider-separator\">\n\t\t\t\t\t\t<\/span>\n\t\t<\/div>\n\t\t\t\t\t\t<\/div>\n\t\t\t\t<\/div>\n\t\t\t\t<div class=\"elementor-element elementor-element-e91ceeb elementor-widget elementor-widget-text-editor\" data-id=\"e91ceeb\" data-element_type=\"widget\" data-e-type=\"widget\" data-widget_type=\"text-editor.default\">\n\t\t\t\t<div class=\"elementor-widget-container\">\n\t\t\t\t\t\t\t\t\t<p><a href=\"https:\/\/gruppofiori.it\/wp-content\/uploads\/2025\/11\/Bologna-Trasporti-Politica-ambientale-e-qualita-.pdf\">Bologna Trasporti Politica Ambiente e qualit\u00e0\u200b<\/a><\/p>\t\t\t\t\t\t\t\t<\/div>\n\t\t\t\t<\/div>\n\t\t\t\t<div class=\"elementor-element elementor-element-854758b elementor-widget-divider--view-line elementor-widget elementor-widget-divider\" data-id=\"854758b\" data-element_type=\"widget\" data-e-type=\"widget\" data-widget_type=\"divider.default\">\n\t\t\t\t<div class=\"elementor-widget-container\">\n\t\t\t\t\t\t\t<div class=\"elementor-divider\">\n\t\t\t<span class=\"elementor-divider-separator\">\n\t\t\t\t\t\t<\/span>\n\t\t<\/div>\n\t\t\t\t\t\t<\/div>\n\t\t\t\t<\/div>\n\t\t\t\t<div class=\"elementor-element elementor-element-a7bee74 elementor-widget elementor-widget-text-editor\" data-id=\"a7bee74\" data-element_type=\"widget\" data-e-type=\"widget\" data-widget_type=\"text-editor.default\">\n\t\t\t\t<div class=\"elementor-widget-container\">\n\t\t\t\t\t\t\t\t\t<p><a href=\"https:\/\/gruppofiori.it\/wp-content\/uploads\/2025\/11\/Ekoroma-Politica-Ambientale.pdf-.pdf\">Ekoroma Politica ambientale<\/a><\/p>\t\t\t\t\t\t\t\t<\/div>\n\t\t\t\t<\/div>\n\t\t\t\t<\/div>\n\t\t\t\t<\/div>\n\t\t\t\t\t<\/div>\n\t\t\t\t<\/div>\n\t\t<div class=\"elementor-element elementor-element-d794165 e-con-full e-flex e-con e-parent\" data-id=\"d794165\" data-element_type=\"container\" data-e-type=\"container\">\n\t\t<div class=\"elementor-element elementor-element-aa0d745 e-con-full e-flex e-con e-child\" data-id=\"aa0d745\" data-element_type=\"container\" data-e-type=\"container\" data-settings=\"{&quot;background_background&quot;:&quot;classic&quot;}\">\n\t\t\t\t<\/div>\n\t\t<div class=\"elementor-element elementor-element-9ca64b9 e-con-full e-flex e-con e-child\" data-id=\"9ca64b9\" data-element_type=\"container\" data-e-type=\"container\" data-settings=\"{&quot;background_background&quot;:&quot;classic&quot;}\">\n\t\t\t\t<\/div>\n\t\t<div class=\"elementor-element elementor-element-ab95d24 e-con-full e-flex e-con e-child\" data-id=\"ab95d24\" data-element_type=\"container\" data-e-type=\"container\" data-settings=\"{&quot;background_background&quot;:&quot;classic&quot;}\">\n\t\t\t\t<\/div>\n\t\t\t\t<\/div>\n\t\t<div class=\"elementor-element elementor-element-e5b3d9e e-flex e-con-boxed e-con e-parent\" data-id=\"e5b3d9e\" data-element_type=\"container\" data-e-type=\"container\">\n\t\t\t\t\t<div class=\"e-con-inner\">\n\t\t<div class=\"elementor-element elementor-element-7e36961 e-con-full e-flex e-con e-child\" data-id=\"7e36961\" data-element_type=\"container\" data-e-type=\"container\">\n\t\t\t\t<div class=\"elementor-element elementor-element-76f4ffd elementor-widget elementor-widget-heading\" data-id=\"76f4ffd\" data-element_type=\"widget\" data-e-type=\"widget\" data-widget_type=\"heading.default\">\n\t\t\t\t<div class=\"elementor-widget-container\">\n\t\t\t\t\t<h2 class=\"elementor-heading-title elementor-size-default\">Dati e <br>Dichiarazioni<br>Ambientali<\/h2>\t\t\t\t<\/div>\n\t\t\t\t<\/div>\n\t\t\t\t<\/div>\n\t\t<div class=\"elementor-element elementor-element-5c1102a e-con-full e-flex e-con e-child\" data-id=\"5c1102a\" data-element_type=\"container\" data-e-type=\"container\">\n\t\t\t\t<div class=\"elementor-element elementor-element-ad085f0 elementor-widget elementor-widget-text-editor\" data-id=\"ad085f0\" data-element_type=\"widget\" data-e-type=\"widget\" data-widget_type=\"text-editor.default\">\n\t\t\t\t<div class=\"elementor-widget-container\">\n\t\t\t\t\t\t\t\t\t<p>Il Gruppo Fiori considera fondamentale la creazione di un rapporto costruttivo con le Autorit\u00e0 e il territorio circostante, fondato su trasparenza, comprensione, accettazione e fiducia reciproca, soprattutto per quanto riguarda i temi ambientali.<\/p><p>Nel 2021 Italmetalli e Italferro hanno ottenuto la registrazione <strong>EMAS<\/strong> ai sensi del Regolamento CE n. 1221\/2009, risultato di eccellenza ambientale, ancor pi\u00f9 notevole se si pensa che sono stati i primi due impianti di frantumazione e selezione rottami metallici in Italia ad ottenere questo riconoscimento e, rispettivamente, il secondo e terzo in Europa.<\/p><p>La Dichiarazione Ambientale, aggiornata annualmente, comunica ai clienti, dipendenti e a tutti i soggetti interessati, le informazioni relative alle <strong>prestazioni<\/strong> e agli <strong>impatti ambientali<\/strong> delle attivit\u00e0 svolte e quelle inerenti i progetti per il miglioramento continuo di tali aspetti.<\/p>\t\t\t\t\t\t\t\t<\/div>\n\t\t\t\t<\/div>\n\t\t\t\t<div class=\"elementor-element elementor-element-b167b68 elementor-widget elementor-widget-heading\" data-id=\"b167b68\" data-element_type=\"widget\" data-e-type=\"widget\" data-widget_type=\"heading.default\">\n\t\t\t\t<div class=\"elementor-widget-container\">\n\t\t\t\t\t<h2 class=\"elementor-heading-title elementor-size-default\">Scarica i Certificati e le Dichiarazioni Ambientali<\/h2>\t\t\t\t<\/div>\n\t\t\t\t<\/div>\n\t\t<div class=\"elementor-element elementor-element-63b4d0f e-con-full e-flex e-con e-child\" data-id=\"63b4d0f\" data-element_type=\"container\" data-e-type=\"container\" data-settings=\"{&quot;background_background&quot;:&quot;classic&quot;}\">\n\t\t\t\t<div class=\"elementor-element elementor-element-eb32f27 elementor-widget elementor-widget-text-editor\" data-id=\"eb32f27\" data-element_type=\"widget\" data-e-type=\"widget\" data-widget_type=\"text-editor.default\">\n\t\t\t\t<div class=\"elementor-widget-container\">\n\t\t\t\t\t\t\t\t\t<p><a href=\"https:\/\/gruppofiori.it\/wp-content\/uploads\/2025\/11\/Italmetalli-%E2%80%93-EMAS-%E2%80%93-Certificato-di-registrazione-2024.pdf\">Italmetalli Certificato di registrazione EMAS<\/a><\/p>\t\t\t\t\t\t\t\t<\/div>\n\t\t\t\t<\/div>\n\t\t\t\t<div class=\"elementor-element elementor-element-6f590fc elementor-widget-divider--view-line elementor-widget elementor-widget-divider\" data-id=\"6f590fc\" data-element_type=\"widget\" data-e-type=\"widget\" data-widget_type=\"divider.default\">\n\t\t\t\t<div class=\"elementor-widget-container\">\n\t\t\t\t\t\t\t<div class=\"elementor-divider\">\n\t\t\t<span class=\"elementor-divider-separator\">\n\t\t\t\t\t\t<\/span>\n\t\t<\/div>\n\t\t\t\t\t\t<\/div>\n\t\t\t\t<\/div>\n\t\t\t\t<div class=\"elementor-element elementor-element-dcd52eb elementor-widget elementor-widget-text-editor\" data-id=\"dcd52eb\" data-element_type=\"widget\" data-e-type=\"widget\" data-widget_type=\"text-editor.default\">\n\t\t\t\t<div class=\"elementor-widget-container\">\n\t\t\t\t\t\t\t\t\t<p><a href=\"https:\/\/gruppofiori.it\/wp-content\/uploads\/2025\/11\/Italmetalli-%E2%80%93-EMAS-%E2%80%93-Dichiarazione-Ambientale-2025-.pdf\">Italmetalli Dichiarazione Ambientale 2025<\/a><\/p>\t\t\t\t\t\t\t\t<\/div>\n\t\t\t\t<\/div>\n\t\t\t\t<div class=\"elementor-element elementor-element-eabfc6b elementor-widget-divider--view-line elementor-widget elementor-widget-divider\" data-id=\"eabfc6b\" data-element_type=\"widget\" data-e-type=\"widget\" data-widget_type=\"divider.default\">\n\t\t\t\t<div class=\"elementor-widget-container\">\n\t\t\t\t\t\t\t<div class=\"elementor-divider\">\n\t\t\t<span class=\"elementor-divider-separator\">\n\t\t\t\t\t\t<\/span>\n\t\t<\/div>\n\t\t\t\t\t\t<\/div>\n\t\t\t\t<\/div>\n\t\t\t\t<div class=\"elementor-element elementor-element-cdfda7f elementor-widget elementor-widget-text-editor\" data-id=\"cdfda7f\" data-element_type=\"widget\" data-e-type=\"widget\" data-widget_type=\"text-editor.default\">\n\t\t\t\t<div class=\"elementor-widget-container\">\n\t\t\t\t\t\t\t\t\t<p><a href=\"https:\/\/gruppofiori.it\/wp-content\/uploads\/2025\/11\/Italferro-%E2%80%93-EMAS-%E2%80%93-Certificato-di-registrazione-2024.pdf\">Italferro Certificato di registrazione EMAS<\/a><\/p>\t\t\t\t\t\t\t\t<\/div>\n\t\t\t\t<\/div>\n\t\t\t\t<div class=\"elementor-element elementor-element-b16a192 elementor-widget-divider--view-line elementor-widget elementor-widget-divider\" data-id=\"b16a192\" data-element_type=\"widget\" data-e-type=\"widget\" data-widget_type=\"divider.default\">\n\t\t\t\t<div class=\"elementor-widget-container\">\n\t\t\t\t\t\t\t<div class=\"elementor-divider\">\n\t\t\t<span class=\"elementor-divider-separator\">\n\t\t\t\t\t\t<\/span>\n\t\t<\/div>\n\t\t\t\t\t\t<\/div>\n\t\t\t\t<\/div>\n\t\t\t\t<div class=\"elementor-element elementor-element-acead3a elementor-widget elementor-widget-text-editor\" data-id=\"acead3a\" data-element_type=\"widget\" data-e-type=\"widget\" data-widget_type=\"text-editor.default\">\n\t\t\t\t<div class=\"elementor-widget-container\">\n\t\t\t\t\t\t\t\t\t<p><a href=\"https:\/\/gruppofiori.it\/wp-content\/uploads\/2025\/11\/Italferro-%E2%80%93-EMAS-%E2%80%93-Dichiarazione-Ambientale-%E2%80%93-aggiornamento-2025-.pdf\">Italferro Dichiarazione Ambientale 2025<\/a><\/p>\t\t\t\t\t\t\t\t<\/div>\n\t\t\t\t<\/div>\n\t\t\t\t<\/div>\n\t\t\t\t<\/div>\n\t\t\t\t\t<\/div>\n\t\t\t\t<\/div>\n\t\t\t\t<\/div>\n\t\t","protected":false},"excerpt":{"rendered":"<p>PoliticaAmbientale La filosofia di lavoro delle aziende del Gruppo Fiori \u00e8 stata da sempre quella di coniugare lo sviluppo economico con la tutela dell\u2019ambiente e dei lavoratori, garantendo al contempo la soddisfazione dei clienti e, pi\u00f9 in generale, dei portatori di interesse. Questo impegno \u00e8 stato formalizzato gi\u00e0 pi\u00f9 di 15 anni fa nei documenti [&hellip;]<\/p>\n","protected":false},"author":1,"featured_media":0,"parent":0,"menu_order":0,"comment_status":"closed","ping_status":"closed","template":"","meta":{"footnotes":""},"class_list":["post-581","page","type-page","status-publish","hentry"],"yoast_head":"<!-- This site is optimized with the Yoast SEO plugin v27.4 - https:\/\/yoast.com\/product\/yoast-seo-wordpress\/ -->\n<title>Ambiente - Gruppo Fiori<\/title>\n<meta name=\"robots\" content=\"index, follow, max-snippet:-1, max-image-preview:large, max-video-preview:-1\" \/>\n<link rel=\"canonical\" href=\"https:\/\/gruppofiori.it\/it\/ambiente\/\" \/>\n<meta property=\"og:locale\" content=\"it_IT\" \/>\n<meta property=\"og:type\" content=\"article\" \/>\n<meta property=\"og:title\" content=\"Ambiente - Gruppo Fiori\" \/>\n<meta property=\"og:description\" content=\"PoliticaAmbientale La filosofia di lavoro delle aziende del Gruppo Fiori \u00e8 stata da sempre quella di coniugare lo sviluppo economico con la tutela dell\u2019ambiente e dei lavoratori, garantendo al contempo la soddisfazione dei clienti e, pi\u00f9 in generale, dei portatori di interesse. Questo impegno \u00e8 stato formalizzato gi\u00e0 pi\u00f9 di 15 anni fa nei documenti [&hellip;]\" \/>\n<meta property=\"og:url\" content=\"https:\/\/gruppofiori.it\/it\/ambiente\/\" \/>\n<meta property=\"og:site_name\" content=\"Gruppo Fiori\" \/>\n<meta property=\"article:modified_time\" content=\"2025-12-18T13:21:04+00:00\" \/>\n<meta name=\"twitter:card\" content=\"summary_large_image\" \/>\n<meta name=\"twitter:label1\" content=\"Tempo di lettura stimato\" \/>\n\t<meta name=\"twitter:data1\" content=\"1 minuto\" \/>\n<script type=\"application\/ld+json\" class=\"yoast-schema-graph\">{\"@context\":\"https:\\\/\\\/schema.org\",\"@graph\":[{\"@type\":\"WebPage\",\"@id\":\"https:\\\/\\\/gruppofiori.it\\\/it\\\/ambiente\\\/\",\"url\":\"https:\\\/\\\/gruppofiori.it\\\/it\\\/ambiente\\\/\",\"name\":\"Ambiente - Gruppo Fiori\",\"isPartOf\":{\"@id\":\"https:\\\/\\\/gruppofiori.it\\\/it\\\/#website\"},\"datePublished\":\"2025-12-17T08:58:19+00:00\",\"dateModified\":\"2025-12-18T13:21:04+00:00\",\"breadcrumb\":{\"@id\":\"https:\\\/\\\/gruppofiori.it\\\/it\\\/ambiente\\\/#breadcrumb\"},\"inLanguage\":\"it-IT\",\"potentialAction\":[{\"@type\":\"ReadAction\",\"target\":[\"https:\\\/\\\/gruppofiori.it\\\/it\\\/ambiente\\\/\"]}]},{\"@type\":\"BreadcrumbList\",\"@id\":\"https:\\\/\\\/gruppofiori.it\\\/it\\\/ambiente\\\/#breadcrumb\",\"itemListElement\":[{\"@type\":\"ListItem\",\"position\":1,\"name\":\"Home\",\"item\":\"https:\\\/\\\/gruppofiori.it\\\/it\\\/\"},{\"@type\":\"ListItem\",\"position\":2,\"name\":\"Ambiente\"}]},{\"@type\":\"WebSite\",\"@id\":\"https:\\\/\\\/gruppofiori.it\\\/it\\\/#website\",\"url\":\"https:\\\/\\\/gruppofiori.it\\\/it\\\/\",\"name\":\"Gruppo Fiori\",\"description\":\"Riciclo Metalli e Economia Circolare dal 1947\",\"publisher\":{\"@id\":\"https:\\\/\\\/gruppofiori.it\\\/it\\\/#organization\"},\"potentialAction\":[{\"@type\":\"SearchAction\",\"target\":{\"@type\":\"EntryPoint\",\"urlTemplate\":\"https:\\\/\\\/gruppofiori.it\\\/it\\\/?s={search_term_string}\"},\"query-input\":{\"@type\":\"PropertyValueSpecification\",\"valueRequired\":true,\"valueName\":\"search_term_string\"}}],\"inLanguage\":\"it-IT\"},{\"@type\":\"Organization\",\"@id\":\"https:\\\/\\\/gruppofiori.it\\\/it\\\/#organization\",\"name\":\"Gruppo Fiori\",\"url\":\"https:\\\/\\\/gruppofiori.it\\\/it\\\/\",\"logo\":{\"@type\":\"ImageObject\",\"inLanguage\":\"it-IT\",\"@id\":\"https:\\\/\\\/gruppofiori.it\\\/it\\\/#\\\/schema\\\/logo\\\/image\\\/\",\"url\":\"https:\\\/\\\/gruppofiori.it\\\/wp-content\\\/uploads\\\/2025\\\/11\\\/logo-gruppo-fiori-e1765890631714.png\",\"contentUrl\":\"https:\\\/\\\/gruppofiori.it\\\/wp-content\\\/uploads\\\/2025\\\/11\\\/logo-gruppo-fiori-e1765890631714.png\",\"width\":763,\"height\":323,\"caption\":\"Gruppo Fiori\"},\"image\":{\"@id\":\"https:\\\/\\\/gruppofiori.it\\\/it\\\/#\\\/schema\\\/logo\\\/image\\\/\"},\"sameAs\":[\"https:\\\/\\\/it.linkedin.com\\\/company\\\/gruppo-fiori\",\"https:\\\/\\\/www.instagram.com\\\/gruppofiori\\\/\"]}]}<\/script>\n<!-- \/ Yoast SEO plugin. -->","yoast_head_json":{"title":"Ambiente - Gruppo Fiori","robots":{"index":"index","follow":"follow","max-snippet":"max-snippet:-1","max-image-preview":"max-image-preview:large","max-video-preview":"max-video-preview:-1"},"canonical":"https:\/\/gruppofiori.it\/it\/ambiente\/","og_locale":"it_IT","og_type":"article","og_title":"Ambiente - Gruppo Fiori","og_description":"PoliticaAmbientale La filosofia di lavoro delle aziende del Gruppo Fiori \u00e8 stata da sempre quella di coniugare lo sviluppo economico con la tutela dell\u2019ambiente e dei lavoratori, garantendo al contempo la soddisfazione dei clienti e, pi\u00f9 in generale, dei portatori di interesse. Questo impegno \u00e8 stato formalizzato gi\u00e0 pi\u00f9 di 15 anni fa nei documenti [&hellip;]","og_url":"https:\/\/gruppofiori.it\/it\/ambiente\/","og_site_name":"Gruppo Fiori","article_modified_time":"2025-12-18T13:21:04+00:00","twitter_card":"summary_large_image","twitter_misc":{"Tempo di lettura stimato":"1 minuto"},"schema":{"@context":"https:\/\/schema.org","@graph":[{"@type":"WebPage","@id":"https:\/\/gruppofiori.it\/it\/ambiente\/","url":"https:\/\/gruppofiori.it\/it\/ambiente\/","name":"Ambiente - Gruppo Fiori","isPartOf":{"@id":"https:\/\/gruppofiori.it\/it\/#website"},"datePublished":"2025-12-17T08:58:19+00:00","dateModified":"2025-12-18T13:21:04+00:00","breadcrumb":{"@id":"https:\/\/gruppofiori.it\/it\/ambiente\/#breadcrumb"},"inLanguage":"it-IT","potentialAction":[{"@type":"ReadAction","target":["https:\/\/gruppofiori.it\/it\/ambiente\/"]}]},{"@type":"BreadcrumbList","@id":"https:\/\/gruppofiori.it\/it\/ambiente\/#breadcrumb","itemListElement":[{"@type":"ListItem","position":1,"name":"Home","item":"https:\/\/gruppofiori.it\/it\/"},{"@type":"ListItem","position":2,"name":"Ambiente"}]},{"@type":"WebSite","@id":"https:\/\/gruppofiori.it\/it\/#website","url":"https:\/\/gruppofiori.it\/it\/","name":"Gruppo Fiori","description":"Riciclo Metalli e Economia Circolare dal 1947","publisher":{"@id":"https:\/\/gruppofiori.it\/it\/#organization"},"potentialAction":[{"@type":"SearchAction","target":{"@type":"EntryPoint","urlTemplate":"https:\/\/gruppofiori.it\/it\/?s={search_term_string}"},"query-input":{"@type":"PropertyValueSpecification","valueRequired":true,"valueName":"search_term_string"}}],"inLanguage":"it-IT"},{"@type":"Organization","@id":"https:\/\/gruppofiori.it\/it\/#organization","name":"Gruppo Fiori","url":"https:\/\/gruppofiori.it\/it\/","logo":{"@type":"ImageObject","inLanguage":"it-IT","@id":"https:\/\/gruppofiori.it\/it\/#\/schema\/logo\/image\/","url":"https:\/\/gruppofiori.it\/wp-content\/uploads\/2025\/11\/logo-gruppo-fiori-e1765890631714.png","contentUrl":"https:\/\/gruppofiori.it\/wp-content\/uploads\/2025\/11\/logo-gruppo-fiori-e1765890631714.png","width":763,"height":323,"caption":"Gruppo Fiori"},"image":{"@id":"https:\/\/gruppofiori.it\/it\/#\/schema\/logo\/image\/"},"sameAs":["https:\/\/it.linkedin.com\/company\/gruppo-fiori","https:\/\/www.instagram.com\/gruppofiori\/"]}]}},"_links":{"self":[{"href":"https:\/\/gruppofiori.it\/it\/wp-json\/wp\/v2\/pages\/581","targetHints":{"allow":["GET"]}}],"collection":[{"href":"https:\/\/gruppofiori.it\/it\/wp-json\/wp\/v2\/pages"}],"about":[{"href":"https:\/\/gruppofiori.it\/it\/wp-json\/wp\/v2\/types\/page"}],"author":[{"embeddable":true,"href":"https:\/\/gruppofiori.it\/it\/wp-json\/wp\/v2\/users\/1"}],"replies":[{"embeddable":true,"href":"https:\/\/gruppofiori.it\/it\/wp-json\/wp\/v2\/comments?post=581"}],"version-history":[{"count":13,"href":"https:\/\/gruppofiori.it\/it\/wp-json\/wp\/v2\/pages\/581\/revisions"}],"predecessor-version":[{"id":713,"href":"https:\/\/gruppofiori.it\/it\/wp-json\/wp\/v2\/pages\/581\/revisions\/713"}],"wp:attachment":[{"href":"https:\/\/gruppofiori.it\/it\/wp-json\/wp\/v2\/media?parent=581"}],"curies":[{"name":"wp","href":"https:\/\/api.w.org\/{rel}","templated":true}]}}